{"id":1432,"date":"2024-05-07T16:09:13","date_gmt":"2024-05-07T16:09:13","guid":{"rendered":"https:\/\/pizzescongelades.com\/?post_type=product&#038;p=1432"},"modified":"2024-05-09T08:15:29","modified_gmt":"2024-05-09T08:15:29","slug":"pizza-clasica","status":"publish","type":"product","link":"https:\/\/pizzescongelades.com\/es\/producte\/pizza-clasica\/","title":{"rendered":"Pizza cl\u00e1sica"},"content":{"rendered":"<p>La Pizza Cl\u00e1sica de PizzesCongelades es una oda a la simplicidad y a la autenticidad de la cocina italiana. Con una combinaci\u00f3n perfectamente equilibrada de sabores cl\u00e1sicos, esta pizza es una delicia para los sentidos.<\/p>\n<p><strong>Ingredientes:<\/strong><\/p>\n<ul>\n<li>Generosos tomates cherry frescos, aportando un toque de dulzura y frescura.<\/li>\n<li>Fragante albahaca, que impregna cada mordida con su aroma distintivo.<\/li>\n<li>Finas l\u00e1minas de jam\u00f3n, para una textura crujiente y un sabor intenso.<\/li>\n<\/ul>\n<p><strong>Detalles:<\/strong><\/p>\n<ul>\n<li>Pizza fresca congelada de 450 gramos, perfecta para conseguir una textura crujiente y un sabor aut\u00e9ntico en tu casa.<\/li>\n<\/ul>\n<p>Disfruta del aut\u00e9ntico sabor de la Pizza Cl\u00e1sica de PizzesCongelades, una obra maestra culinaria que te transportar\u00e1 a las tradicionales mesas italianas con cada mordida.<\/p>\n","protected":false},"excerpt":{"rendered":"<p><strong>Tomate Cherry, Albahaca y Jam\u00f3n<\/strong><\/p>\n<div id=\"gtx-trans\" style=\"position: absolute; left: -48px; top: 38px;\">\n<div class=\"gtx-trans-icon\"><\/div>\n<\/div>\n","protected":false},"featured_media":1393,"comment_status":"open","ping_status":"closed","template":"","meta":[],"product_cat":[],"product_tag":[],"class_list":{"0":"post-1432","1":"product","2":"type-product","3":"status-publish","4":"has-post-thumbnail","7":"first","8":"instock","9":"shipping-taxable","10":"purchasable","11":"product-type-simple"},"yoast_head":"<!-- This site is optimized with the Yoast SEO plugin v22.6 - https:\/\/yoast.com\/wordpress\/plugins\/seo\/ -->\n<title>Pizza cl\u00e1sica - Pizzes Congelades<\/title>\n<meta name=\"robots\" content=\"index, follow, max-snippet:-1, max-image-preview:large, max-video-preview:-1\" \/>\n<link rel=\"canonical\" href=\"https:\/\/pizzescongelades.com\/producte\/pizza-classica\/\" \/>\n<meta property=\"og:locale\" content=\"es_ES\" \/>\n<meta property=\"og:type\" content=\"article\" \/>\n<meta property=\"og:title\" content=\"Pizza cl\u00e1sica - Pizzes Congelades\" \/>\n<meta property=\"og:description\" content=\"Tomate Cherry, Albahaca y Jam\u00f3n\" \/>\n<meta property=\"og:url\" content=\"https:\/\/pizzescongelades.com\/producte\/pizza-classica\/\" \/>\n<meta property=\"og:site_name\" content=\"Pizzes Congelades\" \/>\n<meta property=\"article:modified_time\" content=\"2024-05-09T08:15:29+00:00\" \/>\n<meta property=\"og:image\" content=\"https:\/\/pizzescongelades.com\/wp-content\/uploads\/2024\/05\/pizza-bacon.jpg\" \/>\n\t<meta property=\"og:image:width\" content=\"800\" \/>\n\t<meta property=\"og:image:height\" content=\"821\" \/>\n\t<meta property=\"og:image:type\" content=\"image\/jpeg\" \/>\n<meta name=\"twitter:card\" content=\"summary_large_image\" \/>\n<script type=\"application\/ld+json\" class=\"yoast-schema-graph\">{\"@context\":\"https:\/\/schema.org\",\"@graph\":[{\"@type\":\"WebPage\",\"@id\":\"https:\/\/pizzescongelades.com\/producte\/pizza-classica\/\",\"url\":\"https:\/\/pizzescongelades.com\/producte\/pizza-classica\/\",\"name\":\"Pizza cl\u00e1sica - Pizzes Congelades\",\"isPartOf\":{\"@id\":\"https:\/\/pizzescongelades.com\/#website\"},\"primaryImageOfPage\":{\"@id\":\"https:\/\/pizzescongelades.com\/producte\/pizza-classica\/#primaryimage\"},\"image\":{\"@id\":\"https:\/\/pizzescongelades.com\/producte\/pizza-classica\/#primaryimage\"},\"thumbnailUrl\":\"https:\/\/pizzescongelades.com\/wp-content\/uploads\/2024\/05\/pizza-bacon.jpg\",\"datePublished\":\"2024-05-07T16:09:13+00:00\",\"dateModified\":\"2024-05-09T08:15:29+00:00\",\"breadcrumb\":{\"@id\":\"https:\/\/pizzescongelades.com\/producte\/pizza-classica\/#breadcrumb\"},\"inLanguage\":\"es\",\"potentialAction\":[{\"@type\":\"ReadAction\",\"target\":[\"https:\/\/pizzescongelades.com\/producte\/pizza-classica\/\"]}]},{\"@type\":\"ImageObject\",\"inLanguage\":\"es\",\"@id\":\"https:\/\/pizzescongelades.com\/producte\/pizza-classica\/#primaryimage\",\"url\":\"https:\/\/pizzescongelades.com\/wp-content\/uploads\/2024\/05\/pizza-bacon.jpg\",\"contentUrl\":\"https:\/\/pizzescongelades.com\/wp-content\/uploads\/2024\/05\/pizza-bacon.jpg\",\"width\":800,\"height\":821,\"caption\":\"Pizza congelada llesta per servir amb trossos de bac\u00f3, tom\u00e0quet i fulles d'alf\u00e0brega.\"},{\"@type\":\"BreadcrumbList\",\"@id\":\"https:\/\/pizzescongelades.com\/producte\/pizza-classica\/#breadcrumb\",\"itemListElement\":[{\"@type\":\"ListItem\",\"position\":1,\"name\":\"Inici\",\"item\":\"https:\/\/pizzescongelades.com\/es\/inici\/\"},{\"@type\":\"ListItem\",\"position\":2,\"name\":\"Pizzas\",\"item\":\"https:\/\/pizzescongelades.com\/es\/pizzas\/\"},{\"@type\":\"ListItem\",\"position\":3,\"name\":\"Pizza cl\u00e1sica\"}]},{\"@type\":\"WebSite\",\"@id\":\"https:\/\/pizzescongelades.com\/#website\",\"url\":\"https:\/\/pizzescongelades.com\/\",\"name\":\"Pizzes Congelades\",\"description\":\"Ingredients de qualitat i el sabor m\u00e9s fresc.\",\"potentialAction\":[{\"@type\":\"SearchAction\",\"target\":{\"@type\":\"EntryPoint\",\"urlTemplate\":\"https:\/\/pizzescongelades.com\/?s={search_term_string}\"},\"query-input\":\"required name=search_term_string\"}],\"inLanguage\":\"es\"}]}<\/script>\n<!-- \/ Yoast SEO plugin. -->","yoast_head_json":{"title":"Pizza cl\u00e1sica - Pizzes Congelades","robots":{"index":"index","follow":"follow","max-snippet":"max-snippet:-1","max-image-preview":"max-image-preview:large","max-video-preview":"max-video-preview:-1"},"canonical":"https:\/\/pizzescongelades.com\/producte\/pizza-classica\/","og_locale":"es_ES","og_type":"article","og_title":"Pizza cl\u00e1sica - Pizzes Congelades","og_description":"Tomate Cherry, Albahaca y Jam\u00f3n","og_url":"https:\/\/pizzescongelades.com\/producte\/pizza-classica\/","og_site_name":"Pizzes Congelades","article_modified_time":"2024-05-09T08:15:29+00:00","og_image":[{"width":800,"height":821,"url":"https:\/\/pizzescongelades.com\/wp-content\/uploads\/2024\/05\/pizza-bacon.jpg","type":"image\/jpeg"}],"twitter_card":"summary_large_image","schema":{"@context":"https:\/\/schema.org","@graph":[{"@type":"WebPage","@id":"https:\/\/pizzescongelades.com\/producte\/pizza-classica\/","url":"https:\/\/pizzescongelades.com\/producte\/pizza-classica\/","name":"Pizza cl\u00e1sica - Pizzes Congelades","isPartOf":{"@id":"https:\/\/pizzescongelades.com\/#website"},"primaryImageOfPage":{"@id":"https:\/\/pizzescongelades.com\/producte\/pizza-classica\/#primaryimage"},"image":{"@id":"https:\/\/pizzescongelades.com\/producte\/pizza-classica\/#primaryimage"},"thumbnailUrl":"https:\/\/pizzescongelades.com\/wp-content\/uploads\/2024\/05\/pizza-bacon.jpg","datePublished":"2024-05-07T16:09:13+00:00","dateModified":"2024-05-09T08:15:29+00:00","breadcrumb":{"@id":"https:\/\/pizzescongelades.com\/producte\/pizza-classica\/#breadcrumb"},"inLanguage":"es","potentialAction":[{"@type":"ReadAction","target":["https:\/\/pizzescongelades.com\/producte\/pizza-classica\/"]}]},{"@type":"ImageObject","inLanguage":"es","@id":"https:\/\/pizzescongelades.com\/producte\/pizza-classica\/#primaryimage","url":"https:\/\/pizzescongelades.com\/wp-content\/uploads\/2024\/05\/pizza-bacon.jpg","contentUrl":"https:\/\/pizzescongelades.com\/wp-content\/uploads\/2024\/05\/pizza-bacon.jpg","width":800,"height":821,"caption":"Pizza congelada llesta per servir amb trossos de bac\u00f3, tom\u00e0quet i fulles d'alf\u00e0brega."},{"@type":"BreadcrumbList","@id":"https:\/\/pizzescongelades.com\/producte\/pizza-classica\/#breadcrumb","itemListElement":[{"@type":"ListItem","position":1,"name":"Inici","item":"https:\/\/pizzescongelades.com\/es\/inici\/"},{"@type":"ListItem","position":2,"name":"Pizzas","item":"https:\/\/pizzescongelades.com\/es\/pizzas\/"},{"@type":"ListItem","position":3,"name":"Pizza cl\u00e1sica"}]},{"@type":"WebSite","@id":"https:\/\/pizzescongelades.com\/#website","url":"https:\/\/pizzescongelades.com\/","name":"Pizzes Congelades","description":"Ingredients de qualitat i el sabor m\u00e9s fresc.","potentialAction":[{"@type":"SearchAction","target":{"@type":"EntryPoint","urlTemplate":"https:\/\/pizzescongelades.com\/?s={search_term_string}"},"query-input":"required name=search_term_string"}],"inLanguage":"es"}]}},"jetpack_sharing_enabled":true,"_links":{"self":[{"href":"https:\/\/pizzescongelades.com\/es\/wp-json\/wp\/v2\/product\/1432","targetHints":{"allow":["GET"]}}],"collection":[{"href":"https:\/\/pizzescongelades.com\/es\/wp-json\/wp\/v2\/product"}],"about":[{"href":"https:\/\/pizzescongelades.com\/es\/wp-json\/wp\/v2\/types\/product"}],"replies":[{"embeddable":true,"href":"https:\/\/pizzescongelades.com\/es\/wp-json\/wp\/v2\/comments?post=1432"}],"wp:featuredmedia":[{"embeddable":true,"href":"https:\/\/pizzescongelades.com\/es\/wp-json\/wp\/v2\/media\/1393"}],"wp:attachment":[{"href":"https:\/\/pizzescongelades.com\/es\/wp-json\/wp\/v2\/media?parent=1432"}],"wp:term":[{"taxonomy":"product_cat","embeddable":true,"href":"https:\/\/pizzescongelades.com\/es\/wp-json\/wp\/v2\/product_cat?post=1432"},{"taxonomy":"product_tag","embeddable":true,"href":"https:\/\/pizzescongelades.com\/es\/wp-json\/wp\/v2\/product_tag?post=1432"}],"curies":[{"name":"wp","href":"https:\/\/api.w.org\/{rel}","templated":true}]}}